{"id":1310,"date":"2025-06-16T12:55:36","date_gmt":"2025-06-16T10:55:36","guid":{"rendered":"https:\/\/build-value-interreg.eu\/nieuwsbrief\/"},"modified":"2025-06-30T15:54:43","modified_gmt":"2025-06-30T13:54:43","slug":"nieuwsbrief","status":"publish","type":"page","link":"https:\/\/build-value-interreg.eu\/nl\/nieuwsbrief\/","title":{"rendered":"Nieuwsbrief"},"content":{"rendered":"\n<div class=\"wp-block-group alignfull is-layout-flow wp-container-core-group-is-layout-a77db08e wp-block-group-is-layout-flow\" style=\"--octopods-group-position:relative\">\n<div class=\"wp-block-group is-vertical is-content-justification-stretch is-nowrap is-layout-flex wp-container-core-group-is-layout-d43721b1 wp-block-group-is-layout-flex\" style=\"--octopods-group-z-index:1;--octopods-group-overflow:hidden;--octopods-group-position:absolute;--octopods-group-top:0px;--octopods-group-bottom:0px;--octopods-group-left:0px;--octopods-group-right:0px\">\n<div class=\"wp-block-group primary-gradient--bottom-left wp-container-content-f22b2ade is-vertical is-content-justification-stretch is-layout-flex wp-container-core-group-is-layout-64be3dce wp-block-group-is-layout-flex\">\n<div style=\"min-height:500px;--octopods-divider-shape-color:#fffffe;--octopods-divider-icon-color:;--octopods-divider-icon-size:20px;--octopods-divider-icon-align:center;--octopods-divider-icon-justify:center\" class=\"wp-block-octopods-divider\"><div class=\"wp-block-octopods-divider__shape\"><svg xmlns=\"http:\/\/www.w3.org\/2000\/svg\" aria-hidden=\"true\" class=\"trapeze-rounded_svg__octopods-divider-svg trapeze-rounded_svg__octopods-divider-svg--trapeze-rounded\" preserveAspectRatio=\"none\" viewBox=\"0 0 1600 200\"><path d=\"M1610.5 189.1s-128.2-82.6-138.2-89.2c-17.1-11.3-37.2-15.5-87-18.1-49.7-2.6-753.6-40.7-783.9-42.3-30.3-1.5-81.1-1.3-121.1 8.2S-9.5 163.2-9.5 163.2v50h1620z\"><\/path><\/svg><\/div><\/div>\n<\/div>\n\n\n\n<div class=\"wp-block-group has-base-background-color has-background wp-container-content-9cfa9a5a is-layout-flow wp-block-group-is-layout-flow\" style=\"--octopods-group-z-index:1\"><\/div>\n\n\n\n<div class=\"wp-block-group is-layout-flow wp-block-group-is-layout-flow\" style=\"min-height:45vw;--octopods-group-z-index:1;--octopods-group-background-image:url(http:\/\/build-value-interreg.eu\/wp-content\/uploads\/2025\/05\/leaf-outline.svg);--octopods-group-background-position:50% 50%;--octopods-group-background-size:contain;--octopods-group-background-repeat:no-repeat;--octopods-group-background-attachment:scroll;--octopods-group-position:absolute;--octopods-group-top:0px;--octopods-group-left:0px;--octopods-group-right:0px;--octopods-group-transform:translate(48.9%, -43%);aspect-ratio:unset;\"><\/div>\n<\/div>\n\n\n\n<div class=\"wp-block-group alignfull has-global-padding is-layout-constrained wp-container-core-group-is-layout-63bd95c4 wp-block-group-is-layout-constrained\" style=\"padding-top:var(--wp--preset--spacing--large);--octopods-group-z-index:1\">\n<div class=\"wp-block-group alignfull has-global-padding is-layout-constrained wp-container-core-group-is-layout-63ca0fb3 wp-block-group-is-layout-constrained\"><h1 class=\"has-text-align-center wp-block-post-title\">Nieuwsbrief<\/h1>\n\n\n<p class=\"has-text-align-center\">Schrijf u in voor onze nieuwsbrief en ontvang alle informatie over komende belangrijke evenementen en het laatste nieuws.<\/p>\n<\/div>\n\n\n\n<div class=\"wp-block-group has-border-color has-neutral-accent-border-color has-base-background-color has-background is-layout-flow wp-container-core-group-is-layout-d32a870f wp-block-group-is-layout-flow\" style=\"border-width:1px;border-radius:30px;padding-top:var(--wp--preset--spacing--small);padding-right:var(--wp--preset--spacing--medium);padding-bottom:var(--wp--preset--spacing--small);padding-left:var(--wp--preset--spacing--medium);box-shadow:var(--wp--preset--shadow--natural)\">\t\t\t\t\t<script type=\"text\/javascript\">\n\t\t\t\t\t\tvar gCaptchaSibWidget;\n                        var onloadSibCallbackInvisible = function () {\n\n                            var element = document.getElementsByClassName('sib-default-btn');\n                            var countInvisible = 0;\n                            var indexArray = [];\n                            jQuery('.sib-default-btn').each(function (index, el) {\n                                if ((jQuery(el).attr('id') == \"invisible\")) {\n                                    indexArray[countInvisible] = index;\n                                    countInvisible++\n                                }\n                            });\n\n                            jQuery('.invi-recaptcha').each(function (index, el) {\n                                grecaptcha.render(element[indexArray[index]], {\n                                    'sitekey': jQuery(el).attr('data-sitekey'),\n                                    'callback': sibVerifyCallback,\n                                });\n                            });\n                        };\n\t\t\t\t\t<\/script>\n\t\t\t\t\t                <script src=\"https:\/\/www.google.com\/recaptcha\/api.js?onload=onloadSibCallbackInvisible&render=explicit\" async defer><\/script>\n\t\t\t\t\n\t\t\t<form id=\"sib_signup_form_2\" method=\"post\" class=\"sib_signup_form\">\n\t\t\t\t<div class=\"sib_loader\" style=\"display:none;\"><img\n\t\t\t\t\t\t\tsrc=\"https:\/\/build-value-interreg.eu\/wp-includes\/images\/spinner.gif\" alt=\"loader\"><\/div>\n\t\t\t\t<input type=\"hidden\" name=\"sib_form_action\" value=\"subscribe_form_submit\">\n\t\t\t\t<input type=\"hidden\" name=\"sib_form_id\" value=\"2\">\n                <input type=\"hidden\" name=\"sib_form_alert_notice\" value=\"Remplissez ce champ s\u2019il vous pla\u00eet\">\n                <input type=\"hidden\" name=\"sib_form_invalid_email_notice\" value=\"Cette adresse email n&#039;est pas valide\">\n                <input type=\"hidden\" name=\"sib_security\" value=\"61c292b743\">\n\t\t\t\t<div class=\"sib_signup_box_inside_2\">\n\t\t\t\t\t<div style=\"\/*display:none*\/\" class=\"sib_msg_disp\">\n\t\t\t\t\t<\/div>\n                                            <div id=\"sib_captcha_invisible\" class=\"invi-recaptcha\" data-sitekey=\"6LfY8mIrAAAAAAXiBA2tBLCVaLmCQTK9v0Di0Uqg\"><\/div>\n                    \t\t\t\t\t<p class=\"sib-FIRSTNAME-area\">\r\n    <label for=\"sib-FIRSTNAME-area\">Voornaam<\/label>\r\n    <input type=\"text\" class=\"sib-FIRSTNAME-area\" name=\"FIRSTNAME\" id=\"sib-FIRSTNAME-area\">\r\n<\/p>\r\n<p class=\"sib-LASTNAME-area\">\r\n    <label for=\"sib-LASTNAME-area\">Naam<\/label>\r\n    <input type=\"text\" class=\"sib-LASTNAME-area\" name=\"LASTNAME\" id=\"sib-LASTNAME-area\">\r\n<\/p>\r\n<p class=\"sib-email-area\">\r\n    <label for=\"sib-email-area\">E-mailadres*<\/label>\r\n    <input type=\"email\" class=\"sib-email-area\" name=\"email\" required=\"required\" id=\"sib-email-area\">\r\n<\/p>\r\n    <label class=\"sib-ORIGINE_TERRITORIALE-area\"> Selecteer uw regio <\/label> \r\n<div class=\"sib-ORIGINE_TERRITORIALE-area\"> \r\n    <label><input type=\"checkbox\" class=\"sib-ORIGINE_TERRITORIALE-area\" name=\"ORIGINE_TERRITORIALE[]\" value=\"France\"> Frankrijk <\/label> \r\n    <label><input type=\"checkbox\" class=\"sib-ORIGINE_TERRITORIALE-area\" name=\"ORIGINE_TERRITORIALE[]\" value=\"Wallonie\"> Walloni\u00eb <\/label> \r\n    <label><input type=\"checkbox\" class=\"sib-ORIGINE_TERRITORIALE-area\" name=\"ORIGINE_TERRITORIALE[]\" value=\"Flandres\"> Vlaanderen <\/label> \r\n<\/div>\r\n<p>\r\n    <input type=\"submit\" id=\"invisible\" class=\"sib-default-btn\" value=\"Inschrijven\">\r\n<\/p>\r\n\t\t\t\t<\/div>\n\t\t\t<\/form>\n\t\t\t<style>\n\t\t\t\tform#sib_signup_form_2 p.sib-alert-message {\n    padding: 6px 12px;\n    margin-bottom: 20px;\n    border: 1px solid transparent;\n    border-radius: 4px;\n    -webkit-box-sizing: border-box;\n    -moz-box-sizing: border-box;\n    box-sizing: border-box;\n}\nform#sib_signup_form_2 p.sib-alert-message-error {\n    background-color: #f2dede;\n    border-color: #ebccd1;\n    color: #a94442;\n}\nform#sib_signup_form_2 p.sib-alert-message-success {\n    background-color: #dff0d8;\n    border-color: #d6e9c6;\n    color: #3c763d;\n}\nform#sib_signup_form_2 p.sib-alert-message-warning {\n    background-color: #fcf8e3;\n    border-color: #faebcc;\n    color: #8a6d3b;\n}\n\t\t\t<\/style>\n\t\t\t\n<\/div>\n<\/div>\n<\/div>\n","protected":false},"excerpt":{"rendered":"<p>Schrijf u in voor onze nieuwsbrief en ontvang alle informatie over komende belangrijke evenementen en het laatste nieuws.<\/p>\n","protected":false},"author":1,"featured_media":0,"parent":0,"menu_order":0,"comment_status":"closed","ping_status":"closed","template":"no-title","meta":{"_acf_changed":false,"inline_featured_image":false,"footnotes":""},"class_list":["post-1310","page","type-page","status-publish","hentry"],"acf":[],"yoast_head":"<!-- This site is optimized with the Yoast SEO plugin v27.2 - https:\/\/yoast.com\/product\/yoast-seo-wordpress\/ -->\n<title>Nieuwsbrief &#8226; Build-value<\/title>\n<meta name=\"robots\" content=\"index, follow, max-snippet:-1, max-image-preview:large, max-video-preview:-1\" \/>\n<link rel=\"canonical\" href=\"https:\/\/build-value-interreg.eu\/nl\/nieuwsbrief\/\" \/>\n<meta property=\"og:locale\" content=\"nl_NL\" \/>\n<meta property=\"og:type\" content=\"article\" \/>\n<meta property=\"og:title\" content=\"Nieuwsbrief &#8226; Build-value\" \/>\n<meta property=\"og:description\" content=\"Schrijf u in voor onze nieuwsbrief en ontvang alle informatie over komende belangrijke evenementen en het laatste nieuws.\" \/>\n<meta property=\"og:url\" content=\"https:\/\/build-value-interreg.eu\/nl\/nieuwsbrief\/\" \/>\n<meta property=\"og:site_name\" content=\"Build-value\" \/>\n<meta property=\"article:modified_time\" content=\"2025-06-30T13:54:43+00:00\" \/>\n<meta name=\"twitter:card\" content=\"summary_large_image\" \/>\n<meta name=\"twitter:label1\" content=\"Geschatte leestijd\" \/>\n\t<meta name=\"twitter:data1\" content=\"1 minuut\" \/>\n<script type=\"application\/ld+json\" class=\"yoast-schema-graph\">{\"@context\":\"https:\/\/schema.org\",\"@graph\":[{\"@type\":\"WebPage\",\"@id\":\"https:\/\/build-value-interreg.eu\/nl\/nieuwsbrief\/\",\"url\":\"https:\/\/build-value-interreg.eu\/nl\/nieuwsbrief\/\",\"name\":\"Nieuwsbrief &#8226; Build-value\",\"isPartOf\":{\"@id\":\"https:\/\/build-value-interreg.eu\/nl\/#website\"},\"datePublished\":\"2025-06-16T10:55:36+00:00\",\"dateModified\":\"2025-06-30T13:54:43+00:00\",\"breadcrumb\":{\"@id\":\"https:\/\/build-value-interreg.eu\/nl\/nieuwsbrief\/#breadcrumb\"},\"inLanguage\":\"nl-NL\",\"potentialAction\":[{\"@type\":\"ReadAction\",\"target\":[\"https:\/\/build-value-interreg.eu\/nl\/nieuwsbrief\/\"]}]},{\"@type\":\"BreadcrumbList\",\"@id\":\"https:\/\/build-value-interreg.eu\/nl\/nieuwsbrief\/#breadcrumb\",\"itemListElement\":[{\"@type\":\"ListItem\",\"position\":1,\"name\":\"Accueil\",\"item\":\"https:\/\/build-value-interreg.eu\/nl\/\"},{\"@type\":\"ListItem\",\"position\":2,\"name\":\"Nieuwsbrief\"}]},{\"@type\":\"WebSite\",\"@id\":\"https:\/\/build-value-interreg.eu\/nl\/#website\",\"url\":\"https:\/\/build-value-interreg.eu\/nl\/\",\"name\":\"Build-value\",\"description\":\"Valorisation des mat\u00e9riaux biosourc\u00e9s et g\u00e9osourc\u00e9s dans la construction.\",\"publisher\":{\"@id\":\"https:\/\/build-value-interreg.eu\/nl\/#organization\"},\"alternateName\":\"Build-value Interreg\",\"potentialAction\":[{\"@type\":\"SearchAction\",\"target\":{\"@type\":\"EntryPoint\",\"urlTemplate\":\"https:\/\/build-value-interreg.eu\/nl\/?s={search_term_string}\"},\"query-input\":{\"@type\":\"PropertyValueSpecification\",\"valueRequired\":true,\"valueName\":\"search_term_string\"}}],\"inLanguage\":\"nl-NL\"},{\"@type\":\"Organization\",\"@id\":\"https:\/\/build-value-interreg.eu\/nl\/#organization\",\"name\":\"Build-value\",\"url\":\"https:\/\/build-value-interreg.eu\/nl\/\",\"logo\":{\"@type\":\"ImageObject\",\"inLanguage\":\"nl-NL\",\"@id\":\"https:\/\/build-value-interreg.eu\/nl\/#\/schema\/logo\/image\/\",\"url\":\"https:\/\/build-value-interreg.eu\/wp-content\/uploads\/2025\/05\/build-value-logo.svg\",\"contentUrl\":\"https:\/\/build-value-interreg.eu\/wp-content\/uploads\/2025\/05\/build-value-logo.svg\",\"caption\":\"Build-value\"},\"image\":{\"@id\":\"https:\/\/build-value-interreg.eu\/nl\/#\/schema\/logo\/image\/\"},\"sameAs\":[\"https:\/\/www.youtube.com\/@InterregBuild-value\",\"https:\/\/www.linkedin.com\/company\/build-value\/\"]}]}<\/script>\n<!-- \/ Yoast SEO plugin. -->","yoast_head_json":{"title":"Nieuwsbrief &#8226; Build-value","robots":{"index":"index","follow":"follow","max-snippet":"max-snippet:-1","max-image-preview":"max-image-preview:large","max-video-preview":"max-video-preview:-1"},"canonical":"https:\/\/build-value-interreg.eu\/nl\/nieuwsbrief\/","og_locale":"nl_NL","og_type":"article","og_title":"Nieuwsbrief &#8226; Build-value","og_description":"Schrijf u in voor onze nieuwsbrief en ontvang alle informatie over komende belangrijke evenementen en het laatste nieuws.","og_url":"https:\/\/build-value-interreg.eu\/nl\/nieuwsbrief\/","og_site_name":"Build-value","article_modified_time":"2025-06-30T13:54:43+00:00","twitter_card":"summary_large_image","twitter_misc":{"Geschatte leestijd":"1 minuut"},"schema":{"@context":"https:\/\/schema.org","@graph":[{"@type":"WebPage","@id":"https:\/\/build-value-interreg.eu\/nl\/nieuwsbrief\/","url":"https:\/\/build-value-interreg.eu\/nl\/nieuwsbrief\/","name":"Nieuwsbrief &#8226; Build-value","isPartOf":{"@id":"https:\/\/build-value-interreg.eu\/nl\/#website"},"datePublished":"2025-06-16T10:55:36+00:00","dateModified":"2025-06-30T13:54:43+00:00","breadcrumb":{"@id":"https:\/\/build-value-interreg.eu\/nl\/nieuwsbrief\/#breadcrumb"},"inLanguage":"nl-NL","potentialAction":[{"@type":"ReadAction","target":["https:\/\/build-value-interreg.eu\/nl\/nieuwsbrief\/"]}]},{"@type":"BreadcrumbList","@id":"https:\/\/build-value-interreg.eu\/nl\/nieuwsbrief\/#breadcrumb","itemListElement":[{"@type":"ListItem","position":1,"name":"Accueil","item":"https:\/\/build-value-interreg.eu\/nl\/"},{"@type":"ListItem","position":2,"name":"Nieuwsbrief"}]},{"@type":"WebSite","@id":"https:\/\/build-value-interreg.eu\/nl\/#website","url":"https:\/\/build-value-interreg.eu\/nl\/","name":"Build-value","description":"Valorisation des mat\u00e9riaux biosourc\u00e9s et g\u00e9osourc\u00e9s dans la construction.","publisher":{"@id":"https:\/\/build-value-interreg.eu\/nl\/#organization"},"alternateName":"Build-value Interreg","potentialAction":[{"@type":"SearchAction","target":{"@type":"EntryPoint","urlTemplate":"https:\/\/build-value-interreg.eu\/nl\/?s={search_term_string}"},"query-input":{"@type":"PropertyValueSpecification","valueRequired":true,"valueName":"search_term_string"}}],"inLanguage":"nl-NL"},{"@type":"Organization","@id":"https:\/\/build-value-interreg.eu\/nl\/#organization","name":"Build-value","url":"https:\/\/build-value-interreg.eu\/nl\/","logo":{"@type":"ImageObject","inLanguage":"nl-NL","@id":"https:\/\/build-value-interreg.eu\/nl\/#\/schema\/logo\/image\/","url":"https:\/\/build-value-interreg.eu\/wp-content\/uploads\/2025\/05\/build-value-logo.svg","contentUrl":"https:\/\/build-value-interreg.eu\/wp-content\/uploads\/2025\/05\/build-value-logo.svg","caption":"Build-value"},"image":{"@id":"https:\/\/build-value-interreg.eu\/nl\/#\/schema\/logo\/image\/"},"sameAs":["https:\/\/www.youtube.com\/@InterregBuild-value","https:\/\/www.linkedin.com\/company\/build-value\/"]}]}},"_links":{"self":[{"href":"https:\/\/build-value-interreg.eu\/nl\/wp-json\/wp\/v2\/pages\/1310","targetHints":{"allow":["GET"]}}],"collection":[{"href":"https:\/\/build-value-interreg.eu\/nl\/wp-json\/wp\/v2\/pages"}],"about":[{"href":"https:\/\/build-value-interreg.eu\/nl\/wp-json\/wp\/v2\/types\/page"}],"author":[{"embeddable":true,"href":"https:\/\/build-value-interreg.eu\/nl\/wp-json\/wp\/v2\/users\/1"}],"replies":[{"embeddable":true,"href":"https:\/\/build-value-interreg.eu\/nl\/wp-json\/wp\/v2\/comments?post=1310"}],"version-history":[{"count":2,"href":"https:\/\/build-value-interreg.eu\/nl\/wp-json\/wp\/v2\/pages\/1310\/revisions"}],"predecessor-version":[{"id":1407,"href":"https:\/\/build-value-interreg.eu\/nl\/wp-json\/wp\/v2\/pages\/1310\/revisions\/1407"}],"wp:attachment":[{"href":"https:\/\/build-value-interreg.eu\/nl\/wp-json\/wp\/v2\/media?parent=1310"}],"curies":[{"name":"wp","href":"https:\/\/api.w.org\/{rel}","templated":true}]}}